{"id":3,"date":"2023-12-22T15:36:57","date_gmt":"2023-12-22T15:36:57","guid":{"rendered":"http:\/\/www.materieplasticheriunite.it\/?page_id=3"},"modified":"2024-02-21T16:56:37","modified_gmt":"2024-02-21T15:56:37","slug":"privacy-policy","status":"publish","type":"page","link":"https:\/\/www.materieplasticheriunite.it\/?page_id=3","title":{"rendered":"Privacy Policy"},"content":{"rendered":"\n<div style=\"height:100px\" aria-hidden=\"true\" class=\"wp-block-spacer\"><\/div>\n\n\n\n<h2 class=\"wp-block-heading has-luminous-vivid-amber-color has-text-color has-link-color wp-elements-bac558f3528fbb09a5ad9eaeed28bbb3\">Privacy Policy<\/h2>\n\n\n\n<div style=\"height:100px\" aria-hidden=\"true\" class=\"wp-block-spacer\"><\/div>\n\n\n\n<p><em>Informativa sul trattamento dei dati personali del sito: <strong><u><a href=\"https:\/\/www.materieplasticheriunite.it\">www.materieplasticheriunite.it<\/a><\/u><\/strong> ai sensi dell\u2019art. 13 del Regolamento Europeo n. 2016\/679 \u2013 RGPD<\/em><\/p>\n\n\n\n<p><strong>Materie Plastiche Riunite S.R.L.<\/strong>, in qualit\u00e0 Titolare del Trattamento (da qui anche il \u201cTitolare\u201d), rilascia la presente Privacy Policy in relazione ai trattamenti effettuati su questo sito web.<\/p>\n\n\n\n<p>L\u2019informativa \u00e8 da considerarsi valida solo per questo sito web (<strong><em><u><a href=\"https:\/\/www.materieplasticheriunite.it\">www.materieplasticheriunite.it<\/a><\/u><\/em><\/strong>) e non anche per altri siti web eventualmente consultati dall\u2019utente tramite link a cui il presente sito rimanda. Il Titolare non \u00e8 da considerarsi in alcun modo responsabile di siti web terzi. Ti preghiamo, quando consulti un sito web di terze parti, di prendere visione delle relative informative.<\/p>\n\n\n\n<p>TITOLARE DEL TRATTAMENTO<\/p>\n\n\n\n<p>Titolare del trattamento <strong>Materie Plastiche Riunite S.R.L., <\/strong>P.IVA: 02784820355 con sede in Via Rosmini 87\/A, 42123 Reggio Emilia (RE) &#8211; Italy. Puoi contattare il Titolare del trattamento all\u2019indirizzo mail <strong>amministrazione@materieplasticheriunite.it<\/strong><\/p>\n\n\n\n<p>FINALIT\u00c0 DEL TRATTAMENTO, BASI GIURIDICHE E TEMPI DI CONSERVAZIONE<\/p>\n\n\n\n<p>Trattiamo i tuoi dati personali unicamente in presenza di una delle basi di legittimit\u00e0 previste dal RGPD. Nella tabella che segue troverai informazioni su finalit\u00e0, basi giuridiche e termini di conservazione dei dati:<\/p>\n\n\n\n<figure class=\"wp-block-table\"><table><tbody><tr><td><strong>Finalit\u00e0 del Trattamento<\/strong><\/td><td><strong>Tipologia di dati<\/strong><\/td><td><strong>Base giuridica<\/strong><\/td><td><strong>Conservazione dei dati<\/strong><\/td><\/tr><tr><td>Navigazione sul sito web \u2013 garantire corretto funzionamento e sicurezza informatica<\/td><td>Dati di navigazione<\/td><td>Legittimo interesse del titolare di promuovere la propria attivit\u00e0 attraverso il canale web e di proteggere gli utenti e il sito dagli attacchi informatici<\/td><td>Conserveremo i dati di navigazione per il tempo strettamente necessario al raggiungimento degli scopi per cui sono raccolti, e successivamente automaticamente cancellati; per quanto concerne i cookie il tempo di conservazione \u00e8 indicato negli appositi elenchi, ove presente<\/td><\/tr><\/tbody><\/table><\/figure>\n\n\n\n<p>TIPOLOGIA DI DATI E MODALIT\u00c0 DI TRATTAMENTO<\/p>\n\n\n\n<p><strong>Dati di navigazione:<\/strong> I sistemi informatici e le procedure software preposte al funzionamento di questo sito web acquisiscono, nel corso del loro normale esercizio, alcuni dati personali la cui trasmissione \u00e8 implicita nell\u2019uso dei protocolli di comunicazione di Internet.<\/p>\n\n\n\n<p>Si tratta di informazioni che non sono raccolte per essere associate a interessati identificati, ma che per loro stessa natura potrebbero, attraverso elaborazioni ed associazioni con dati detenuti da terzi, permettere di identificare gli utenti.<\/p>\n\n\n\n<p>In questa categoria di dati rientrano:<\/p>\n\n\n\n<ul>\n<li>gli indirizzi IP o i nomi a dominio dei computer utilizzati dagli utenti che si connettono al sito;<\/li>\n\n\n\n<li>gli indirizzi in notazione URI (Uniform Resource Identifier) delle risorse richieste;<\/li>\n\n\n\n<li>&nbsp;l\u2019orario della richiesta;<\/li>\n\n\n\n<li>il metodo utilizzato nel sottoporre la richiesta al server;<\/li>\n\n\n\n<li>la dimensione del file ottenuto in risposta;<\/li>\n\n\n\n<li>il codice numerico indicante lo stato della risposta data dal server (buon fine, errore, ecc.),<\/li>\n\n\n\n<li>altri parametri relativi al sistema operativo e all\u2019ambiente informatico dell\u2019utente.<\/li>\n<\/ul>\n\n\n\n<p>Questi dati vengono utilizzati al solo fine di ricavare informazioni statistiche anonime sull\u2019uso del sito e per controllarne il corretto funzionamento e vengono cancellati immediatamente dopo l\u2019elaborazione. I dati potrebbero essere utilizzati per l\u2019accertamento di responsabilit\u00e0 in caso di ipotetici reati informatici ai danni del sito.<\/p>\n\n\n\n<p>Il sito potrebbe inoltre trattare dati automaticamente attraverso l\u2019invio di Cookie all\u2019utente. I Cookie sono piccole stringhe di testo inviate durante la consultazione al sito web e, in base alla loro finalit\u00e0 e al valore assunto permettono al sito e\/o a terzi di raccogliere relative all\u2019utente. L\u2019utilizzo di questo strumento elettronico \u00e8 analiticamente descritto attraverso la Cookie Policy del sito web.<\/p>\n\n\n\n<p><strong>Dati comunicati dall\u2019utente: <\/strong>All\u2019interno del sito web non sono predisposti form o altri strumenti attraverso i quali l\u2019utente pu\u00f2 comunicare dati personali (identificativi, di recapito, etc.). Eventuali comunicazioni saranno indirizzate e gestite attraverso i contatti ed i recapiti del titolare presenti nel sito.<\/p>\n\n\n\n<p>COMUNICAZIONE DEI DATI A TERZI<\/p>\n\n\n\n<p>L\u2019ambito di comunicazione dei dati \u00e8 limitato esclusivamente a soggetti qualificati come titolari autonomi del trattamento quali forze di polizia, autorit\u00e0 pubbliche, organismi di vigilanza ed altri soggetti pubblici o privati che hanno facolt\u00e0 di trattare i tuoi dati .<\/p>\n\n\n\n<p>Essi pertanto potranno essere comunicati a terze parti, preventivamente individuate e nominate, ove necessario, responsabili del trattamento ai sensi dell\u2019art. 28 RGPD appartenenti alle seguenti categorie:<\/p>\n\n\n\n<ul>\n<li>societ\u00e0 che forniscono servizi per la gestione del sistema informativo e del sito web (piattaforme E-commerce e di pagamento, consulenti nello sviluppo del sito web, etc.);<\/li>\n\n\n\n<li>studi o societ\u00e0 che erogano servizi nell\u2019ambito di rapporti di assistenza e consulenza (in ambito informatico, contabile\/amministrativo, etc.);<\/li>\n\n\n\n<li>enti, amministrazioni ed autorit\u00e0 pubbliche, per l\u2019adempimento degli obblighi di legge connessi al rapporto commerciale, qualora si riscontrassero evidenze di crimini o attacchi informatici contro il nostro sistema o gli altri utenti visitatori del sito o nell\u2019ambito della gestione del contenzioso con l\u2019interessato.<\/li>\n<\/ul>\n\n\n\n<p>Maggiori informazioni sui soggetti che potranno accedere ai dati personali richiesti saranno disponibili al momento della raccolta o contattando il Titolare attraverso i recapiti presenti all\u2019interno del documento.<\/p>\n\n\n\n<p>FACOLTATIVIT\u00c0 DEL CONFERIMENTO<\/p>\n\n\n\n<p>Il conferimento dei dati \u00e8 obbligatorio qualora sia necessario per accedere e visualizzare correttamente il sito web, a gestire le richieste e la comunicazione, ad erogare il servizio e ad adempiere e concludere il contratto con l\u2019interessato. Il mancato conferimento di tali dati render\u00e0 impossibile visualizzare il sito web, gestire le richieste o la comunicazione, concludere il contratto o eseguire la prestazione concordata.<\/p>\n\n\n\n<p>Nei restanti casi il conferimento dei dati \u00e8 facoltativo e volontario da parte dell\u2019interessato e, dove indicato e necessario, subordinato all\u2019esplicito consenso dell\u2019utente.<\/p>\n\n\n\n<p>DIRITTI DELL\u2019INTERESSATO<\/p>\n\n\n\n<p>Si informa dell\u2019esistenza del suo diritto di chiederci l\u2019<strong>accesso<\/strong> ai suoi dati personali, di <strong>rettifica<\/strong>, di <strong>cancellazione <\/strong>degli stessi, di <strong>limitazione del trattamento<\/strong> dei dati che la riguardano, di <strong>opposizione<\/strong> al loro trattamento, alla <strong>portabilit\u00e0 dei dati<\/strong> ove applicabile, analiticamente descritti e soggetti alle limitazioni di cui agli artt. da 15 a 22 del RGPD ed agli artt. 2-undecies e 2-duodecies del D.lgs. 196\/03 integrato con le modifiche apportate del D.lgs. 101\/18 di armonizzazione al RGPD.<\/p>\n\n\n\n<p>Pu\u00f2 esercitare i propri diritti e conoscere i soggetti terzi cui i dati possono essere comunicati scrivendo all\u2019indirizzo e-mail:<strong> <a href=\"mailto:amministrazione@materieplasticheriunite.it\">amministrazione@materieplasticheriunite.it<\/a><\/strong><\/p>\n\n\n\n<p>Qualora parte del trattamento avesse base giuridica sul consenso da lei prestato, \u00e8 riconosciuto il diritto di revocarlo in qualsiasi momento senza pregiudicare la liceit\u00e0 del trattamento basata sulla manifestazione dello stesso resa in precedenza.<\/p>\n\n\n\n<p>Le \u00e8 riconosciuto il diritto di proporre reclamo all\u2019autorit\u00e0 di controllo presso Garante per la protezione dei dati personali, inviando un messaggio di posta elettronica certificata indirizzata a <a href=\"mailto:protocollo@pec.gpdp.it\">protocollo@pec.gpdp.it<\/a>, attraverso gli altri strumenti di contatto messi a disposizione dal Garante a tal scopo o presso l\u2019autorit\u00e0 di controllo competente di un altro Paese dell\u2019Unione.<\/p>\n\n\n\n<p>MODIFICHE<\/p>\n\n\n\n<p>Il Titolare si riserva il diritto di modificare, aggiornare, aggiungere o rimuovere parti della presente informativa. Ti preghiamo di verificare periodicamente le eventuali modifiche. Al fine di facilitare tale verifica, l\u2019informativa contiene l\u2019indicazione della data di aggiornamento.<\/p>\n\n\n\n<p>L\u2019utilizzo del sito dopo la pubblicazione delle modifiche costituir\u00e0 accettazione delle stesse. Data di aggiornamento: 21\/02\/2024<\/p>\n","protected":false},"excerpt":{"rendered":"<p>Privacy Policy Informativa sul trattamento dei dati personali del sito: www.materieplasticheriunite.it ai sensi dell\u2019art. 13 del Regolamento Europeo n. 2016\/679 \u2013 RGPD Materie Plastiche Riunite S.R.L., in qualit\u00e0 Titolare del Trattamento (da qui anche il \u201cTitolare\u201d), rilascia la presente Privacy Policy in relazione ai trattamenti effettuati su questo sito web. L\u2019informativa \u00e8 da considerarsi valida [&hellip;]<\/p>\n","protected":false},"author":1,"featured_media":0,"parent":0,"menu_order":0,"comment_status":"closed","ping_status":"open","template":"","meta":{"footnotes":""},"blocksy_meta":"","_links":{"self":[{"href":"https:\/\/www.materieplasticheriunite.it\/index.php?rest_route=\/wp\/v2\/pages\/3"}],"collection":[{"href":"https:\/\/www.materieplasticheriunite.it\/index.php?rest_route=\/wp\/v2\/pages"}],"about":[{"href":"https:\/\/www.materieplasticheriunite.it\/index.php?rest_route=\/wp\/v2\/types\/page"}],"author":[{"embeddable":true,"href":"https:\/\/www.materieplasticheriunite.it\/index.php?rest_route=\/wp\/v2\/users\/1"}],"replies":[{"embeddable":true,"href":"https:\/\/www.materieplasticheriunite.it\/index.php?rest_route=%2Fwp%2Fv2%2Fcomments&post=3"}],"version-history":[{"count":5,"href":"https:\/\/www.materieplasticheriunite.it\/index.php?rest_route=\/wp\/v2\/pages\/3\/revisions"}],"predecessor-version":[{"id":1914,"href":"https:\/\/www.materieplasticheriunite.it\/index.php?rest_route=\/wp\/v2\/pages\/3\/revisions\/1914"}],"wp:attachment":[{"href":"https:\/\/www.materieplasticheriunite.it\/index.php?rest_route=%2Fwp%2Fv2%2Fmedia&parent=3"}],"curies":[{"name":"wp","href":"https:\/\/api.w.org\/{rel}","templated":true}]}}