{"id":1715,"date":"2023-12-14T17:04:26","date_gmt":"2023-12-14T16:04:26","guid":{"rendered":"https:\/\/tribus.altervista.org\/?page_id=1715"},"modified":"2023-12-14T17:04:26","modified_gmt":"2023-12-14T16:04:26","slug":"informativa-privacy","status":"publish","type":"page","link":"https:\/\/www.materieplasticheriunite.it\/?page_id=1715","title":{"rendered":"Informativa Privacy"},"content":{"rendered":"\n<p>Informativa sul trattamento dei dati personali del sito: <strong>www.materieplasticheriunite.it<\/strong> ai sensi dell\u00b4art. 13 del Regolamento Europeo n. 2016\/679 &#8211; RGPD<br><strong>Materie Plastiche Riunite S.R.L.<\/strong>, in qualit\u00e0 Titolare del Trattamento (da qui anche il &#8220;Titolare&#8221;), rilascia la presente Privacy Policy in relazione ai trattamenti effettuati su questo sito web.<br>L\u00b4informativa \u00e8 da considerarsi valida solo per questo sito web (<strong>www.materieplasticheriunite.it<\/strong>) e non anche per altri siti web eventualmente consultati dall\u00b4utente tramite link a cui il presente sito rimanda. Il Titolare non \u00e8 da considerarsi in alcun modo responsabile di siti web terzi. Ti preghiamo, quando consulti un sito web di terze parti, di prendere visione delle relative informative.<\/p>\n\n\n\n<p>TITOLARE DEL TRATTAMENTO<br>Titolare del trattamento <strong>Materie Plastiche Riunite S.R.L.<\/strong>, P.IVA: 02784820355 con sede in 02784820355, 0 &#8211; Italy. Puoi contattare il Titolare del trattamento all\u00b4indirizzo mail <strong>info@materieplasticheriunite.it<\/strong><\/p>\n\n\n\n<p>FINALIT\u00c0 DEL TRATTAMENTO, BASI GIURIDICHE E TEMPI DI CONSERVAZIONE<br>Trattiamo i tuoi dati personali unicamente in presenza di una delle basi di legittimit\u00e0 previste dal RGPD. Nella tabella che segue troverai informazioni su finalit\u00e0, basi giuridiche e termini di conservazione dei dati:<\/p>\n\n\n\n<p><strong>Finalit\u00e0 del Trattamento<\/strong><br>Navigazione sul sito web &#8211; garantire corretto funzionamento e sicurezza informatica<\/p>\n\n\n\n<p><strong>Tipologia di dati<\/strong><br>Dati di navigazione<\/p>\n\n\n\n<p><strong>Base giuridica<\/strong><br>Legittimo interesse del titolare di promuovere la propria attivit\u00e0 attraverso il canale web e di proteggere gli utenti e il sito dagli attacchi informatici<\/p>\n\n\n\n<p><strong>Conservazione dei dati<\/strong><br>Conserveremo i dati di navigazione per il tempo strettamente necessario al raggiungimento degli scopi per cui sono raccolti, e successivamente automaticamente cancellati; per quanto concerne i cookie il tempo di conservazione \u00e8 indicato negli appositi elenchi, ove presente<\/p>\n\n\n\n<p>TIPOLOGIA DI DATI E MODALIT\u00c0 DI TRATTAMENTO<br><strong>Dati di navigazione<\/strong>: I sistemi informatici e le procedure software preposte al funzionamento di questo sito web acquisiscono, nel corso del loro normale esercizio, alcuni dati personali la cui trasmissione \u00e8 implicita nell\u00b4uso dei protocolli di comunicazione di Internet.<br>Si tratta di informazioni che non sono raccolte per essere associate a interessati identificati, ma che per loro stessa natura potrebbero, attraverso elaborazioni ed associazioni con dati detenuti da terzi, permettere di identificare gli utenti.<br>In questa categoria di dati rientrano:<br>&#8211; gli indirizzi IP o i nomi a dominio dei computer utilizzati dagli utenti che si connettono;<br>&#8211; gli indirizzi in notazione URI (Uniform Resource Identifier) delle risorse richieste;<br>&#8211; l\u00b4orario della richiesta;<br>&#8211; il metodo utilizzato nel sottoporre la richiesta al server;<br>&#8211; la dimensione del file ottenuto in risposta;<br>&#8211; il codice numerico indicante lo stato della risposta data dal server (buon fine, errore, ecc.),<br>&#8211; altri parametri relativi al sistema operativo e all\u00b4ambiente informatico dell\u00b4utente.<\/p>\n\n\n\n<p>Questi dati vengono utilizzati al solo fine di ricavare informazioni statistiche anonime sull\u00b4uso del sito e per controllarne il corretto funzionamento e vengono cancellati immediatamente dopo l\u00b4elaborazione. I dati potrebbero essere utilizzati per l\u00b4accertamento di responsabilit\u00e0 in caso di ipotetici reati informatici ai danni del sito.<br>Il sito potrebbe inoltre trattare dati automaticamente attraverso l\u00b4invio di Cookie all\u00b4utente. I Cookie sono piccole stringhe di testo inviate durante la consultazione al sito web e, in base alla loro finalit\u00e0 e al valore assunto permettono al sito e\/o a terzi di raccogliere relative all\u00b4utente. L\u00b4utilizzo di questo strumento elettronico \u00e8 descritto attraverso la Cookie Policy del sito web.<br><strong>Dati comunicati dall\u00b4utente<\/strong>: All\u00b4interno del sito web non sono predisposti form o altri strumenti attraverso i quali l\u00b4utente pu\u00f2 comunicare dati personali (identificativi.). Eventuali comunicazioni saranno indirizzate e gestite attraverso i contatti ed i recapiti del titolare presenti nel sito.<\/p>\n\n\n\n<p>COMUNICAZIONE DEI DATI A TERZI<br>L\u00b4ambito di comunicazione dei dati \u00e8 limitato esclusivamente a soggetti qualificati come titolari autonomi del trattamento quali forze di polizia, autorit\u00e0 pubbliche, organismi di vigilanza ed altri soggetti pubblici o privati che hanno facolt\u00e0 di trattare i tuoi dati.<br>Essi pertanto potranno essere comunicati a terze parti, preventivamente individuate e nominate, ove necessario, responsabili del trattamento ai sensi dell\u00b4art. 28 RGPD appartenenti alle seguenti categorie:<br>&#8211; societ\u00e0 che forniscono servizi per la gestione del sistema informativo e del sito web (piattaforme E-commerce e di pagamento, consulenti nello sviluppo del sito web, etc.);<br>&#8211; studi o societ\u00e0 che erogano servizi nell\u00b4ambito di rapporti di assistenza e consulenza (in ambito informatico, contabile\/amministrativo, etc.);<br>&#8211; enti, amministrazioni ed autorit\u00e0 pubbliche, per l\u00b4adempimento degli obblighi di legge connessi al rapporto commerciale, qualora si riscontrassero evidenze di crimini o attacchi informatici contro il nostro sistema o gli altri utenti visitatori del sito o nell\u00b4ambito della gestione del contenzioso con l\u00b4interessato.<\/p>\n\n\n\n<p>Maggiori informazioni sui soggetti che potranno accedere ai dati personali richiesti saranno disponibili al momento della raccolta o contattando il Titolare attraverso i recapiti presenti.<\/p>\n\n\n\n<p>FACOLTATIVIT\u00c0; DEL CONFERIMENTO<br>Il conferimento dei dati \u00e8 obbligatorio qualora sia necessario per accedere e visualizzare correttamente il sito web, a gestire le richieste e la comunicazione, ad erogare il servizio e ad adempiere e concludere il contratto con l\u00b4interessato. Il mancato conferimento di tali dati render\u00e0 impossibile visualizzare il sito web, gestire le richieste o la comunicazione, concludere il contratto o eseguire la prestazione concordata.<br>Nei restanti casi il conferimento dei dati \u00e8 facoltativo e volontario da parte dell\u00b4interessato e, dove indicato e necessario, subordinato all\u00b4esplicito consenso dell\u00b4utente.<\/p>\n\n\n\n<p>DIRITTI DELL\u00b4INTERESSATO<br>Si informa dell\u00b4esistenza del suo diritto di chiederci l\u00b4<strong>accesso<\/strong> ai suoi dati personali, di <strong>rettifica<\/strong>, di <strong>cancellazione<\/strong> degli stessi, di <strong>limitazione del trattamento<\/strong> dei dati che la riguardano, di <strong>opposizione<\/strong> al loro trattamento, alla <strong>portabilit\u00e0 dei dati<\/strong> ove applicabile, analiticamente descritti e soggetti alle limitazioni di cui agli artt. da 15 a 22 del RGPD ed agli artt. 2-undecies e 2-duodecies del D.lgs. 196\/03 integrato con le modifiche apportate del D.lgs. 101\/18 di armonizzazione al RGPD.<br>Pu\u00f2 esercitare i propri diritti e conoscere i soggetti terzi cui i dati possono essere comunicati scrivendo all\u00b4indirizzo e-mail: <strong>info@materieplasticheriunite.it<\/strong><br>Qualora parte del trattamento avesse base giuridica sul consenso da lei prestato, \u00e8 riconosciuto il diritto di revocarlo in qualsiasi momento senza pregiudicare la liceit\u00e0 del trattamento basata sulla manifestazione dello stesso resa in precedenza.<br>Le \u00e8 riconosciuto il diritto di proporre reclamo all\u00b4autorit\u00e0 di controllo presso Garante per la protezione dei dati personali, inviando un messaggio di posta elettronica certificata indirizzata a <a href=\"mailto:protocollo@pec.gpdp.it\">protocollo@pec.gpdp.it<\/a>, attraverso gli altri strumenti di contatto messi a disposizione dal Garante a tal scopo o presso l\u00b4autorit\u00e0 di controllo competente di un altro Paese dell\u00b4Unione.<\/p>\n\n\n\n<p>MODIFICHE<br>Il Titolare si riserva il diritto di modificare, aggiornare, aggiungere o rimuovere parti della presente informativa. Ti preghiamo di verificare periodicamente le eventuali modifiche. Al fine di facilitare tale verifica, l\u00b4informativa contiene l\u00b4indicazione della data di aggiornamento.<br>L\u00b4utilizzo del sito dopo la pubblicazione delle modifiche costituir\u00e0 accettazione delle stesse.<br>Data di aggiornamento: 08\/11\/2022<\/p>\n","protected":false},"excerpt":{"rendered":"<p>Informativa sul trattamento dei dati personali del sito: www.materieplasticheriunite.it ai sensi dell\u00b4art. 13 del Regolamento Europeo n. 2016\/679 &#8211; RGPDMaterie Plastiche Riunite S.R.L., in qualit\u00e0 Titolare del Trattamento (da qui anche il &#8220;Titolare&#8221;), rilascia la presente Privacy Policy in relazione ai trattamenti effettuati su questo sito web.L\u00b4informativa \u00e8 da considerarsi valida solo per questo sito [&hellip;]<\/p>\n","protected":false},"author":1,"featured_media":0,"parent":0,"menu_order":0,"comment_status":"closed","ping_status":"closed","template":"","meta":{"footnotes":""},"blocksy_meta":"","_links":{"self":[{"href":"https:\/\/www.materieplasticheriunite.it\/index.php?rest_route=\/wp\/v2\/pages\/1715"}],"collection":[{"href":"https:\/\/www.materieplasticheriunite.it\/index.php?rest_route=\/wp\/v2\/pages"}],"about":[{"href":"https:\/\/www.materieplasticheriunite.it\/index.php?rest_route=\/wp\/v2\/types\/page"}],"author":[{"embeddable":true,"href":"https:\/\/www.materieplasticheriunite.it\/index.php?rest_route=\/wp\/v2\/users\/1"}],"replies":[{"embeddable":true,"href":"https:\/\/www.materieplasticheriunite.it\/index.php?rest_route=%2Fwp%2Fv2%2Fcomments&post=1715"}],"version-history":[{"count":0,"href":"https:\/\/www.materieplasticheriunite.it\/index.php?rest_route=\/wp\/v2\/pages\/1715\/revisions"}],"wp:attachment":[{"href":"https:\/\/www.materieplasticheriunite.it\/index.php?rest_route=%2Fwp%2Fv2%2Fmedia&parent=1715"}],"curies":[{"name":"wp","href":"https:\/\/api.w.org\/{rel}","templated":true}]}}