{"id":1071,"date":"2023-11-06T14:40:15","date_gmt":"2023-11-06T13:40:15","guid":{"rendered":"https:\/\/tribus.altervista.org\/?page_id=1071"},"modified":"2024-05-15T14:27:57","modified_gmt":"2024-05-15T13:27:57","slug":"materiali","status":"publish","type":"page","link":"https:\/\/www.materieplasticheriunite.it\/?page_id=1071","title":{"rendered":"Materiali"},"content":{"rendered":"\n<h2 class=\"wp-block-heading has-text-align-center has-palette-color-4-color has-text-color has-link-color wp-elements-6ee99876a11a1ff7179f4129e063d599\">Materiali<\/h2>\n\n\n\n<div style=\"height:40px\" aria-hidden=\"true\" class=\"wp-block-spacer\"><\/div>\n\n\n\n<p>Le materie plastiche sono caratterizzate da molteplici propriet\u00e0 tra cui leggerezza, resistenza, flessibilit\u00e0, impermeabilit\u00e0, resistenza alla corrosione e possono essere utilizzate per realizzare una vasta gamma di prodotti che vanno dai beni di consumo agli articoli industriali.<\/p>\n\n\n\n<div style=\"height:51px\" aria-hidden=\"true\" class=\"wp-block-spacer\"><\/div>\n\n\n\n<p>Abbiamo un ampio magazzino di lastre e tondi di diversi materiali e spessori che &#8211; grazie a personale specializzato e moderne attrezzature &#8211; possiamo trasformare in pezzi su misura: da un semplice taglio alle lavorazioni pi\u00f9 complesse.<\/p>\n\n\n\n<p>La gamma dei materiali che lavoriamo \u00e8 molto vasta:<\/p>\n\n\n\n<div style=\"height:27px\" aria-hidden=\"true\" class=\"wp-block-spacer\"><\/div>\n\n\n\n<div class=\"wp-block-columns is-layout-flex wp-container-core-columns-layout-1 wp-block-columns-is-layout-flex\" style=\"margin-top:var(--wp--preset--spacing--30);margin-bottom:var(--wp--preset--spacing--30);padding-top:var(--wp--preset--spacing--30);padding-right:var(--wp--preset--spacing--30);padding-bottom:var(--wp--preset--spacing--30);padding-left:var(--wp--preset--spacing--30)\">\n<div class=\"wp-block-column is-layout-flow wp-block-column-is-layout-flow\">\n<figure class=\"wp-block-image aligncenter size-full has-custom-border is-style-rounded wp-duotone-unset-1\"><img loading=\"lazy\" decoding=\"async\" width=\"643\" height=\"471\" src=\"https:\/\/www.materieplasticheriunite.it\/wp-content\/uploads\/2023\/12\/Immagine1.jpg\" alt=\"\" class=\"has-border-color has-luminous-vivid-amber-border-color wp-image-1766\" style=\"border-width:6px;aspect-ratio:1\" srcset=\"https:\/\/www.materieplasticheriunite.it\/wp-content\/uploads\/2023\/12\/Immagine1.jpg 643w, https:\/\/www.materieplasticheriunite.it\/wp-content\/uploads\/2023\/12\/Immagine1-300x220.jpg 300w\" sizes=\"(max-width: 643px) 100vw, 643px\" \/><\/figure>\n\n\n\n<div style=\"height:51px\" aria-hidden=\"true\" class=\"wp-block-spacer\"><\/div>\n\n\n\n<p><strong><strong>Metacrilato (anche come conosciuto come Plexiglass<\/strong>\u00ae)<\/strong><br>materiale semilavorato plastico trasparente, buona resistenza meccanica e facilit\u00e0 di lavorazione, caratterizzo da elevata brillantezza e buona resistenza agli agenti atmosferici. \u00c8 utilizzato in applicazioni quali teche, vetri per finestre, display, protezioni e safety wall, cartellonistica, illuminazione e nel settore dell&#8217;arredamento.<\/p>\n<\/div>\n\n\n\n<div class=\"wp-block-column is-layout-flow wp-block-column-is-layout-flow\">\n<figure class=\"wp-block-image size-large has-custom-border is-style-rounded\"><img loading=\"lazy\" decoding=\"async\" width=\"1024\" height=\"768\" src=\"https:\/\/www.materieplasticheriunite.it\/wp-content\/uploads\/2024\/05\/20240515_143615-1024x768.jpg\" alt=\"\" class=\"has-border-color has-luminous-vivid-amber-border-color wp-image-1940\" style=\"border-width:7px;aspect-ratio:1;object-fit:cover\" srcset=\"https:\/\/www.materieplasticheriunite.it\/wp-content\/uploads\/2024\/05\/20240515_143615-1024x768.jpg 1024w, https:\/\/www.materieplasticheriunite.it\/wp-content\/uploads\/2024\/05\/20240515_143615-300x225.jpg 300w, https:\/\/www.materieplasticheriunite.it\/wp-content\/uploads\/2024\/05\/20240515_143615-768x576.jpg 768w, https:\/\/www.materieplasticheriunite.it\/wp-content\/uploads\/2024\/05\/20240515_143615-1536x1152.jpg 1536w, https:\/\/www.materieplasticheriunite.it\/wp-content\/uploads\/2024\/05\/20240515_143615.jpg 2000w\" sizes=\"(max-width: 1024px) 100vw, 1024px\" \/><\/figure>\n\n\n\n<p><\/p>\n\n\n\n<p><\/p>\n\n\n\n<p><strong><strong>Policarbonato compatto o alveolare<\/strong><\/strong><br>materiali usati per l\u2019alta resistenza all\u2019urto, anche a basse temperature, ottime le caratteristiche di isolamento. &nbsp;Il policarbonato compatto possiede un&#8217;alta trasparenza e una buona rigidit\u00e0 e stabilit\u00e0 dimensionale. \u00c8 utilizzato per protezioni per macchine industriali e per coperture. Il policarbonato alveolare \u00e8 utilizzato anche per verande, serre, gazebo, pareti e finestrature di edifici industriali (coperture a shed).<\/p>\n<\/div>\n<\/div>\n\n\n\n<div style=\"height:59px\" aria-hidden=\"true\" class=\"wp-block-spacer\"><\/div>\n\n\n\n<div class=\"wp-block-columns is-layout-flex wp-container-core-columns-layout-2 wp-block-columns-is-layout-flex\" style=\"margin-top:var(--wp--preset--spacing--30);margin-bottom:var(--wp--preset--spacing--30);padding-top:var(--wp--preset--spacing--30);padding-right:var(--wp--preset--spacing--30);padding-bottom:var(--wp--preset--spacing--30);padding-left:var(--wp--preset--spacing--30)\">\n<div class=\"wp-block-column is-layout-flow wp-block-column-is-layout-flow\">\n<figure class=\"wp-block-image aligncenter size-full is-resized has-custom-border is-style-rounded wp-duotone-unset-2\"><img loading=\"lazy\" decoding=\"async\" width=\"300\" height=\"300\" src=\"https:\/\/www.materieplasticheriunite.it\/wp-content\/uploads\/2023\/12\/polizene_polietilene-2.png\" alt=\"\" class=\"has-border-color has-luminous-vivid-amber-border-color wp-image-1408\" style=\"border-width:6px;aspect-ratio:1;width:300px;height:auto\" srcset=\"https:\/\/www.materieplasticheriunite.it\/wp-content\/uploads\/2023\/12\/polizene_polietilene-2.png 300w, https:\/\/www.materieplasticheriunite.it\/wp-content\/uploads\/2023\/12\/polizene_polietilene-2-150x150.png 150w\" sizes=\"(max-width: 300px) 100vw, 300px\" \/><\/figure>\n\n\n\n<div style=\"height:51px\" aria-hidden=\"true\" class=\"wp-block-spacer\"><\/div>\n\n\n\n<p><strong>Polietilene e Polizene<\/strong><br>materiali con eccellente resistenza all\u2019urto, basso tenore di assorbimento di umidit\u00e0, una elevata resistenza chimica e alla corrosione, entrambi facilmente lavorabili. Il polietilene \u00e8 utilizzato nel settore alimentare per taglieri, banchi da lavoro e per protezioni di pareti e celle frigorifere. Il polizene, in particolare, ha eccellenti propriet\u00e0 di scivolamento e autolubrificazione, rendendolo adatto per applicazioni che richiedono basso attrito quali guide a catene e ingranaggi vari.<\/p>\n<\/div>\n\n\n\n<div class=\"wp-block-column is-layout-flow wp-block-column-is-layout-flow\">\n<figure class=\"wp-block-image aligncenter size-full is-resized has-custom-border is-style-rounded wp-duotone-unset-3\"><img loading=\"lazy\" decoding=\"async\" width=\"300\" height=\"300\" src=\"https:\/\/www.materieplasticheriunite.it\/wp-content\/uploads\/2023\/12\/pvc-1.png\" alt=\"\" class=\"has-border-color has-luminous-vivid-amber-border-color wp-image-1410\" style=\"border-width:6px;aspect-ratio:1;width:300px;height:auto\" srcset=\"https:\/\/www.materieplasticheriunite.it\/wp-content\/uploads\/2023\/12\/pvc-1.png 300w, https:\/\/www.materieplasticheriunite.it\/wp-content\/uploads\/2023\/12\/pvc-1-150x150.png 150w\" sizes=\"(max-width: 300px) 100vw, 300px\" \/><\/figure>\n\n\n\n<div style=\"height:51px\" aria-hidden=\"true\" class=\"wp-block-spacer\"><\/div>\n\n\n\n<p><strong>PVC<\/strong> <br>materiale con un elevata solidit\u00e0 ed elasticit\u00e0. \u00c8 un buon isolante elettrico, assorbe poca acqua ed \u00e8 fisiologicamente inerte.&nbsp; Possiede ottime caratteristiche di stabilit\u00e0 chimica e resistenza gli acidi. Grazie all\u2019ottima resistenza al fuoco, \u00e8 possibile saldarlo ed incollarlo.&nbsp; Viene utilizzato per la fabbricazione di vasche industriali, contenitori e componenti a contatto con acidi, ingranaggi, condotte per acqua e industria chimica.<\/p>\n<\/div>\n<\/div>\n\n\n\n<div style=\"height:59px\" aria-hidden=\"true\" class=\"wp-block-spacer\"><\/div>\n\n\n\n<div class=\"wp-block-columns is-layout-flex wp-container-core-columns-layout-3 wp-block-columns-is-layout-flex\" style=\"margin-top:var(--wp--preset--spacing--30);margin-bottom:var(--wp--preset--spacing--30);padding-top:var(--wp--preset--spacing--30);padding-right:var(--wp--preset--spacing--30);padding-bottom:var(--wp--preset--spacing--30);padding-left:var(--wp--preset--spacing--30)\">\n<div class=\"wp-block-column is-layout-flow wp-block-column-is-layout-flow\">\n<div style=\"height:51px\" aria-hidden=\"true\" class=\"wp-block-spacer\"><\/div>\n\n\n\n<figure class=\"wp-block-image size-large has-custom-border is-style-rounded\"><img loading=\"lazy\" decoding=\"async\" width=\"1024\" height=\"768\" src=\"https:\/\/www.materieplasticheriunite.it\/wp-content\/uploads\/2024\/05\/20240515_152342-1024x768.jpg\" alt=\"\" class=\"has-border-color has-luminous-vivid-amber-border-color wp-image-1953\" style=\"border-width:7px;aspect-ratio:1;object-fit:cover\" srcset=\"https:\/\/www.materieplasticheriunite.it\/wp-content\/uploads\/2024\/05\/20240515_152342-1024x768.jpg 1024w, https:\/\/www.materieplasticheriunite.it\/wp-content\/uploads\/2024\/05\/20240515_152342-300x225.jpg 300w, https:\/\/www.materieplasticheriunite.it\/wp-content\/uploads\/2024\/05\/20240515_152342-768x576.jpg 768w, https:\/\/www.materieplasticheriunite.it\/wp-content\/uploads\/2024\/05\/20240515_152342-1536x1152.jpg 1536w, https:\/\/www.materieplasticheriunite.it\/wp-content\/uploads\/2024\/05\/20240515_152342.jpg 2000w\" sizes=\"(max-width: 1024px) 100vw, 1024px\" \/><\/figure>\n\n\n\n<p><strong>Polipropilene<\/strong><br>materiale versatile e di uso comune. \u00c8 caratterizzato da una buona resistenza chimica, una bassa densit\u00e0, ottima resistenza all\u2019urto e un buon comportamento agli agenti atmosferici. \u00c8 facilmente lavorabile e trova utilizzo in una vasta gamma di settori industriali: chimico, edile, alimentare.<\/p>\n<\/div>\n\n\n\n<div class=\"wp-block-column is-layout-flow wp-block-column-is-layout-flow\">\n<figure class=\"wp-block-image aligncenter size-full is-resized has-custom-border is-style-rounded wp-duotone-unset-4\"><img loading=\"lazy\" decoding=\"async\" width=\"451\" height=\"451\" src=\"https:\/\/www.materieplasticheriunite.it\/wp-content\/uploads\/2023\/12\/Immagine-2023-12-06-173950-edited.png\" alt=\"\" class=\"has-border-color has-luminous-vivid-amber-border-color wp-image-1501\" style=\"border-width:6px;aspect-ratio:1;width:300px;height:auto\" srcset=\"https:\/\/www.materieplasticheriunite.it\/wp-content\/uploads\/2023\/12\/Immagine-2023-12-06-173950-edited.png 451w, https:\/\/www.materieplasticheriunite.it\/wp-content\/uploads\/2023\/12\/Immagine-2023-12-06-173950-edited-300x300.png 300w, https:\/\/www.materieplasticheriunite.it\/wp-content\/uploads\/2023\/12\/Immagine-2023-12-06-173950-edited-150x150.png 150w\" sizes=\"(max-width: 451px) 100vw, 451px\" \/><\/figure>\n\n\n\n<div style=\"height:51px\" aria-hidden=\"true\" class=\"wp-block-spacer\"><\/div>\n\n\n\n<p><strong><strong>POM C (resina acetilica)<\/strong><\/strong> <br>materiale versatile con resistenza chimica e prestazioni a lungo termine, rendendolo quindi un semilavorato di ampio utilizzo, anche con lavorazioni su torni automatici. Presenta un basso coefficiente di assorbimento di umidit\u00e0, garantisce stabilit\u00e0 dimensionali, anche in ambienti dove \u00e8 richiesta un&#8217;alta resistenza elettrica. \u00c8 utilizzato nel settore alimentare per parti meccaniche e componenti resistenti a sollecitazioni e carichi. Trova, inoltre, impiego in diverse applicazioni, tra cui, meccanica di precisione, automazione, elettronica.<\/p>\n<\/div>\n<\/div>\n\n\n\n<div style=\"height:100px\" aria-hidden=\"true\" class=\"wp-block-spacer\"><\/div>\n\n\n\n<div class=\"wp-block-columns is-layout-flex wp-container-core-columns-layout-4 wp-block-columns-is-layout-flex\" style=\"margin-top:var(--wp--preset--spacing--20);margin-bottom:var(--wp--preset--spacing--20);padding-top:var(--wp--preset--spacing--20);padding-right:var(--wp--preset--spacing--20);padding-bottom:var(--wp--preset--spacing--20);padding-left:var(--wp--preset--spacing--20)\">\n<div class=\"wp-block-column is-layout-flow wp-block-column-is-layout-flow\">\n<figure class=\"wp-block-image aligncenter size-full is-resized has-custom-border is-style-rounded wp-duotone-unset-5\"><img loading=\"lazy\" decoding=\"async\" width=\"300\" height=\"300\" src=\"https:\/\/www.materieplasticheriunite.it\/wp-content\/uploads\/2023\/12\/alupanel.png\" alt=\"\" class=\"has-border-color has-luminous-vivid-amber-border-color wp-image-1413\" style=\"border-width:6px;aspect-ratio:1;width:300px;height:auto\" srcset=\"https:\/\/www.materieplasticheriunite.it\/wp-content\/uploads\/2023\/12\/alupanel.png 300w, https:\/\/www.materieplasticheriunite.it\/wp-content\/uploads\/2023\/12\/alupanel-150x150.png 150w\" sizes=\"(max-width: 300px) 100vw, 300px\" \/><\/figure>\n\n\n\n<div style=\"height:51px\" aria-hidden=\"true\" class=\"wp-block-spacer\"><\/div>\n\n\n\n<p><strong>Alluminio composito<\/strong><br>pannello composito, costituito da due lamine di alluminio con anima in polietilene e verniciatura a base di poliestere. I pannelli sono leggeri, planari, autoestinguenti, resistenti agli agenti atmosferici. Coniugano resistenza ed eleganza, rappresentando il supporto ideale per la stampa digitale. Sono disponibili in un\u2019ampia gamma di colori, diversit\u00e0 di superfici tra un lato e l\u2019altro, vengono utilizzati per la realizzazione di progetti di allestimento di interni e cartellonistica<\/p>\n<\/div>\n\n\n\n<div class=\"wp-block-column is-layout-flow wp-block-column-is-layout-flow\">\n<figure class=\"wp-block-image aligncenter size-full is-resized has-custom-border is-style-rounded wp-duotone-unset-6\"><img loading=\"lazy\" decoding=\"async\" width=\"300\" height=\"300\" src=\"https:\/\/www.materieplasticheriunite.it\/wp-content\/uploads\/2023\/12\/pvc_espanso.png\" alt=\"\" class=\"has-border-color has-luminous-vivid-amber-border-color wp-image-1414\" style=\"border-width:6px;aspect-ratio:1;width:300px;height:auto\" srcset=\"https:\/\/www.materieplasticheriunite.it\/wp-content\/uploads\/2023\/12\/pvc_espanso.png 300w, https:\/\/www.materieplasticheriunite.it\/wp-content\/uploads\/2023\/12\/pvc_espanso-150x150.png 150w\" sizes=\"(max-width: 300px) 100vw, 300px\" \/><\/figure>\n\n\n\n<div style=\"height:51px\" aria-hidden=\"true\" class=\"wp-block-spacer\"><\/div>\n\n\n\n<p><strong><strong>PVC espanso<\/strong><\/strong><br>materiale con una buona rigidit\u00e0 ed un peso specifico molto basso. Disponibile in un\u2019ampia gamma di colori e formati, pu\u00f2 essere lavorato con molteplici tecniche, facilmente forato, tagliato, incollato e piegato a freddo. Molto utilizzato nel mondo della comunicazione, cartellonistica e segnaletica per interni o esterni.<\/p>\n<\/div>\n<\/div>\n\n\n\n<div style=\"height:59px\" aria-hidden=\"true\" class=\"wp-block-spacer\"><\/div>\n\n\n\n<div class=\"wp-block-columns is-layout-flex wp-container-core-columns-layout-5 wp-block-columns-is-layout-flex\" style=\"padding-top:var(--wp--preset--spacing--20);padding-bottom:var(--wp--preset--spacing--20)\">\n<div class=\"wp-block-column is-layout-flow wp-block-column-is-layout-flow\">\n<figure class=\"wp-block-image aligncenter size-full is-resized has-custom-border is-style-rounded wp-duotone-unset-7\"><img loading=\"lazy\" decoding=\"async\" width=\"300\" height=\"300\" src=\"https:\/\/www.materieplasticheriunite.it\/wp-content\/uploads\/2023\/12\/altri_materiali.png\" alt=\"\" class=\"has-border-color has-luminous-vivid-amber-border-color wp-image-1415\" style=\"border-width:6px;aspect-ratio:1;width:300px;height:auto\" srcset=\"https:\/\/www.materieplasticheriunite.it\/wp-content\/uploads\/2023\/12\/altri_materiali.png 300w, https:\/\/www.materieplasticheriunite.it\/wp-content\/uploads\/2023\/12\/altri_materiali-150x150.png 150w\" sizes=\"(max-width: 300px) 100vw, 300px\" \/><\/figure>\n\n\n\n<div style=\"height:51px\" aria-hidden=\"true\" class=\"wp-block-spacer\"><\/div>\n\n\n\n<p><strong>Altri Materiali<\/strong><br>Lastra espansa composita<br>Nylon 6 e 6.6<br>PEEK<br>PVDF<br>Polipropilene alveolare<br>PET-G<br>Politetrafluoroetilene (PTFE)<br>Polietilene tereftalato (PET)<br>Tela bachelizzata<br>Acrilonitrile butadiene stirene (ABS)<br>Polistirolo compatto (PST)<\/p>\n<\/div>\n\n\n\n<div class=\"wp-block-column is-layout-flow wp-block-column-is-layout-flow\">\n<div style=\"height:51px\" aria-hidden=\"true\" class=\"wp-block-spacer\"><\/div>\n<\/div>\n<\/div>\n","protected":false},"excerpt":{"rendered":"<p>Materiali Le materie plastiche sono caratterizzate da molteplici propriet\u00e0 tra cui leggerezza, resistenza, flessibilit\u00e0, impermeabilit\u00e0, resistenza alla corrosione e possono essere utilizzate per realizzare una vasta gamma di prodotti che vanno dai beni di consumo agli articoli industriali. Abbiamo un ampio magazzino di lastre e tondi di diversi materiali e spessori che &#8211; grazie a [&hellip;]<\/p>\n","protected":false},"author":1,"featured_media":1940,"parent":0,"menu_order":0,"comment_status":"closed","ping_status":"closed","template":"","meta":{"footnotes":""},"blocksy_meta":"","_links":{"self":[{"href":"https:\/\/www.materieplasticheriunite.it\/index.php?rest_route=\/wp\/v2\/pages\/1071"}],"collection":[{"href":"https:\/\/www.materieplasticheriunite.it\/index.php?rest_route=\/wp\/v2\/pages"}],"about":[{"href":"https:\/\/www.materieplasticheriunite.it\/index.php?rest_route=\/wp\/v2\/types\/page"}],"author":[{"embeddable":true,"href":"https:\/\/www.materieplasticheriunite.it\/index.php?rest_route=\/wp\/v2\/users\/1"}],"replies":[{"embeddable":true,"href":"https:\/\/www.materieplasticheriunite.it\/index.php?rest_route=%2Fwp%2Fv2%2Fcomments&post=1071"}],"version-history":[{"count":9,"href":"https:\/\/www.materieplasticheriunite.it\/index.php?rest_route=\/wp\/v2\/pages\/1071\/revisions"}],"predecessor-version":[{"id":1955,"href":"https:\/\/www.materieplasticheriunite.it\/index.php?rest_route=\/wp\/v2\/pages\/1071\/revisions\/1955"}],"wp:featuredmedia":[{"embeddable":true,"href":"https:\/\/www.materieplasticheriunite.it\/index.php?rest_route=\/wp\/v2\/media\/1940"}],"wp:attachment":[{"href":"https:\/\/www.materieplasticheriunite.it\/index.php?rest_route=%2Fwp%2Fv2%2Fmedia&parent=1071"}],"curies":[{"name":"wp","href":"https:\/\/api.w.org\/{rel}","templated":true}]}}